{"id":11,"date":"2022-05-18T21:29:35","date_gmt":"2022-05-18T21:29:35","guid":{"rendered":"http:\/\/194.163.143.247\/?page_id=11"},"modified":"2023-04-03T20:40:45","modified_gmt":"2023-04-03T20:40:45","slug":"secundaria","status":"publish","type":"page","link":"https:\/\/escuelasantalucia.edu.ar\/index.php\/secundaria\/","title":{"rendered":"Secundaria"},"content":{"rendered":"\n<h2 class=\"wp-block-heading\">EQUIPO DIRECTIVO<\/h2>\n\n\n\n<ul class=\"wp-block-list\">\n<li><strong>Directora Ramognini Mar\u00eda de los \u00c1ngeles<\/strong><\/li>\n\n\n\n<li><strong>Vicedirectora Zapata Ver\u00f3nica<\/strong><\/li>\n\n\n\n<li><strong>Secretaria M\u00e1rquez Valeria<\/strong><\/li>\n\n\n\n<li><strong>Prosecretaria Lorena Gomez<\/strong><\/li>\n<\/ul>\n\n\n\n<p><strong><em>Horarios de atenci\u00f3n:<\/em><\/strong><\/p>\n\n\n\n<ul class=\"wp-block-list\">\n<li><strong>Directora: <\/strong>\n<ul class=\"wp-block-list\">\n<li>         <strong>Martes de 09:30 a 12:30 HS y Mi\u00e9rcoles de 13:30 a 15:30 HS<\/strong>.<\/li>\n<\/ul>\n<\/li>\n\n\n\n<li><strong>Vicedirectora: <\/strong>\n<ul class=\"wp-block-list\">\n<li>         <strong>Lunes<\/strong> <strong>de 13:30 a 15:30 HS<\/strong> <strong>y Jueves de 08:30 a 11:30 HS<\/strong>.<\/li>\n<\/ul>\n<\/li>\n\n\n\n<li><strong>Secretaria: <\/strong>\n<ul class=\"wp-block-list\">\n<li>         <strong><strong>Lunes<\/strong> <strong>de 13:30 a 15:30 HS<\/strong> y Jueves de 08:00 a 11:00 HS<\/strong>.<\/li>\n<\/ul>\n<\/li>\n\n\n\n<li><strong>Preceptor\u00eda: <\/strong>\n<ul class=\"wp-block-list\">\n<li>        <strong> Lunes de 08:00 a 11:00 HS y Viernes de 13:30 a 15:30 HS.<\/strong><\/li>\n<\/ul>\n<\/li>\n<\/ul>\n\n\n\n<p><\/p>\n\n\n\n<hr class=\"wp-block-separator has-alpha-channel-opacity\"\/>\n\n\n\n<h2 class=\"wp-block-heading\">Infraestructura<\/h2>\n\n\n\n<figure class=\"wp-block-gallery has-nested-images columns-default is-cropped wp-block-gallery-1 is-layout-flex wp-block-gallery-is-layout-flex\">\n<figure class=\"wp-block-image size-large\"><img fetchpriority=\"high\" decoding=\"async\" width=\"1280\" height=\"866\" data-id=\"494\" src=\"http:\/\/194.163.143.247\/wp-content\/uploads\/2022\/06\/Secundaria.jpeg\" alt=\"\" class=\"wp-image-494\" srcset=\"https:\/\/escuelasantalucia.edu.ar\/wp-content\/uploads\/2022\/06\/Secundaria.jpeg 1280w, https:\/\/escuelasantalucia.edu.ar\/wp-content\/uploads\/2022\/06\/Secundaria-300x203.jpeg 300w, https:\/\/escuelasantalucia.edu.ar\/wp-content\/uploads\/2022\/06\/Secundaria-1024x693.jpeg 1024w, https:\/\/escuelasantalucia.edu.ar\/wp-content\/uploads\/2022\/06\/Secundaria-768x520.jpeg 768w\" sizes=\"(max-width: 1280px) 100vw, 1280px\" \/><\/figure>\n\n\n\n<figure class=\"wp-block-image size-large\"><img decoding=\"async\" width=\"1280\" height=\"853\" data-id=\"492\" src=\"http:\/\/194.163.143.247\/wp-content\/uploads\/2022\/06\/Primaria.jpeg\" alt=\"\" class=\"wp-image-492\" srcset=\"https:\/\/escuelasantalucia.edu.ar\/wp-content\/uploads\/2022\/06\/Primaria.jpeg 1280w, https:\/\/escuelasantalucia.edu.ar\/wp-content\/uploads\/2022\/06\/Primaria-300x200.jpeg 300w, https:\/\/escuelasantalucia.edu.ar\/wp-content\/uploads\/2022\/06\/Primaria-1024x682.jpeg 1024w, https:\/\/escuelasantalucia.edu.ar\/wp-content\/uploads\/2022\/06\/Primaria-768x512.jpeg 768w\" sizes=\"(max-width: 1280px) 100vw, 1280px\" \/><\/figure>\n\n\n\n<figure class=\"wp-block-image size-large\"><img decoding=\"async\" width=\"1280\" height=\"853\" data-id=\"493\" src=\"http:\/\/194.163.143.247\/wp-content\/uploads\/2022\/06\/Primaria2.jpeg\" alt=\"\" class=\"wp-image-493\" srcset=\"https:\/\/escuelasantalucia.edu.ar\/wp-content\/uploads\/2022\/06\/Primaria2.jpeg 1280w, https:\/\/escuelasantalucia.edu.ar\/wp-content\/uploads\/2022\/06\/Primaria2-300x200.jpeg 300w, https:\/\/escuelasantalucia.edu.ar\/wp-content\/uploads\/2022\/06\/Primaria2-1024x682.jpeg 1024w, https:\/\/escuelasantalucia.edu.ar\/wp-content\/uploads\/2022\/06\/Primaria2-768x512.jpeg 768w\" sizes=\"(max-width: 1280px) 100vw, 1280px\" \/><\/figure>\n\n\n\n<figure class=\"wp-block-image size-large\"><img loading=\"lazy\" decoding=\"async\" width=\"1280\" height=\"853\" data-id=\"495\" src=\"http:\/\/194.163.143.247\/wp-content\/uploads\/2022\/06\/WhatsApp-Image-2022-06-02-at-11.54.10-AM-1.jpeg\" alt=\"\" class=\"wp-image-495\" srcset=\"https:\/\/escuelasantalucia.edu.ar\/wp-content\/uploads\/2022\/06\/WhatsApp-Image-2022-06-02-at-11.54.10-AM-1.jpeg 1280w, https:\/\/escuelasantalucia.edu.ar\/wp-content\/uploads\/2022\/06\/WhatsApp-Image-2022-06-02-at-11.54.10-AM-1-300x200.jpeg 300w, https:\/\/escuelasantalucia.edu.ar\/wp-content\/uploads\/2022\/06\/WhatsApp-Image-2022-06-02-at-11.54.10-AM-1-1024x682.jpeg 1024w, https:\/\/escuelasantalucia.edu.ar\/wp-content\/uploads\/2022\/06\/WhatsApp-Image-2022-06-02-at-11.54.10-AM-1-768x512.jpeg 768w\" sizes=\"(max-width: 1280px) 100vw, 1280px\" \/><\/figure>\n<\/figure>\n\n\n\n<hr class=\"wp-block-separator has-alpha-channel-opacity\"\/>\n\n\n\n<h2 class=\"wp-block-heading\">PROPUESTA PEDAGOGICA<\/h2>\n\n\n\n<p>Al mantener el car\u00e1cter activo del aprendizaje dentro de un contexto significativo para el estudiante, prevalece el car\u00e1cter l\u00fadico, que estimula la curiosidad y los descubrimientos, expande, la construcci\u00f3n del conocimiento a trav\u00e9s de juegos, actividades integradas, investigaci\u00f3n, proyectos, uso de la tecnolog\u00eda, estudios del medio ambiente. El contenido se selecciona con el fin de posibilitar la implicaci\u00f3n del alumno, a partir del significado, contextualizaci\u00f3n y desarrollo de competencias b\u00e1sicas, adquiriendo la sistematizaci\u00f3n necesaria para el fortalecimiento del conocimiento cient\u00edfico. Su objetivo es desarrollar habilidades cognitivas, f\u00edsicas, afectivas, espirituales, interpersonales y sociales, \u00e9ticas y est\u00e9ticas, con miras a una amplia formaci\u00f3n.<\/p>\n\n\n\n<hr class=\"wp-block-separator has-alpha-channel-opacity\"\/>\n\n\n\n<h1 class=\"wp-block-heading\">Uniforme<\/h1>\n\n\n\n<h4 class=\"wp-block-heading\">Normas utilizadas para los &nbsp;uniformes<\/h4>\n\n\n\n<p>El uso del uniforme es obligatorio para todos los estudiantes incluidos las clases de educaci\u00f3n f\u00edsica. En las instalaciones del Colegio no se permitir\u00e1 el uso de accesorios como gorras, sombreros. No se puede usar ninguna otra ropa que no pertenezca al uniforme.<\/p>\n\n\n\n<p>Para evitar p\u00e9rdidas, le rogamos amablemente que marque, con el nombre y calificaci\u00f3n del alumno, cada pieza del uniforme, que debe estar siempre en buen estado y sin modificaciones y\/o innovaciones.<\/p>\n\n\n\n<p><\/p>\n\n\n\n<p><\/p>\n\n\n\n<hr class=\"wp-block-separator has-alpha-channel-opacity\"\/>\n\n\n\n<h4 class=\"wp-block-heading\">Empresas autorizadas a fabricar y vender uniformes de la Escuela.<\/h4>\n\n\n\n<p><em>DILO \u2013 Indumentaria masculina<\/em><\/p>\n\n\n\n<p>Direcci\u00f3n localidad de Merlo<\/p>\n\n\n\n<p>Av. Del libertador 349<\/p>\n\n\n\n<p>Av del libertador 462<\/p>\n\n\n\n<p><\/p>\n\n\n\n<figure class=\"wp-block-gallery has-nested-images columns-default is-cropped wp-block-gallery-2 is-layout-flex wp-block-gallery-is-layout-flex\">\n<figure class=\"wp-block-image size-large\"><img loading=\"lazy\" decoding=\"async\" width=\"601\" height=\"1024\" data-id=\"588\" src=\"https:\/\/escuelasantalucia.edu.ar\/wp-content\/uploads\/2022\/10\/WhatsApp-Image-2022-10-25-at-19.33.39-1-601x1024.jpeg\" alt=\"\" class=\"wp-image-588\" srcset=\"https:\/\/escuelasantalucia.edu.ar\/wp-content\/uploads\/2022\/10\/WhatsApp-Image-2022-10-25-at-19.33.39-1-601x1024.jpeg 601w, https:\/\/escuelasantalucia.edu.ar\/wp-content\/uploads\/2022\/10\/WhatsApp-Image-2022-10-25-at-19.33.39-1-176x300.jpeg 176w, https:\/\/escuelasantalucia.edu.ar\/wp-content\/uploads\/2022\/10\/WhatsApp-Image-2022-10-25-at-19.33.39-1.jpeg 738w\" sizes=\"(max-width: 601px) 100vw, 601px\" \/><\/figure>\n\n\n\n<figure class=\"wp-block-image size-large\"><img loading=\"lazy\" decoding=\"async\" width=\"669\" height=\"1024\" data-id=\"589\" src=\"https:\/\/escuelasantalucia.edu.ar\/wp-content\/uploads\/2022\/10\/WhatsApp-Image-2022-10-25-at-19.33.39-2-669x1024.jpeg\" alt=\"\" class=\"wp-image-589\" srcset=\"https:\/\/escuelasantalucia.edu.ar\/wp-content\/uploads\/2022\/10\/WhatsApp-Image-2022-10-25-at-19.33.39-2-669x1024.jpeg 669w, https:\/\/escuelasantalucia.edu.ar\/wp-content\/uploads\/2022\/10\/WhatsApp-Image-2022-10-25-at-19.33.39-2-196x300.jpeg 196w, https:\/\/escuelasantalucia.edu.ar\/wp-content\/uploads\/2022\/10\/WhatsApp-Image-2022-10-25-at-19.33.39-2-768x1175.jpeg 768w, https:\/\/escuelasantalucia.edu.ar\/wp-content\/uploads\/2022\/10\/WhatsApp-Image-2022-10-25-at-19.33.39-2.jpeg 776w\" sizes=\"(max-width: 669px) 100vw, 669px\" \/><\/figure>\n\n\n\n<figure class=\"wp-block-image size-large\"><img loading=\"lazy\" decoding=\"async\" width=\"675\" height=\"1024\" data-id=\"590\" src=\"https:\/\/escuelasantalucia.edu.ar\/wp-content\/uploads\/2022\/10\/WhatsApp-Image-2022-10-25-at-19.33.39-3-675x1024.jpeg\" alt=\"\" class=\"wp-image-590\" srcset=\"https:\/\/escuelasantalucia.edu.ar\/wp-content\/uploads\/2022\/10\/WhatsApp-Image-2022-10-25-at-19.33.39-3-675x1024.jpeg 675w, https:\/\/escuelasantalucia.edu.ar\/wp-content\/uploads\/2022\/10\/WhatsApp-Image-2022-10-25-at-19.33.39-3-198x300.jpeg 198w, https:\/\/escuelasantalucia.edu.ar\/wp-content\/uploads\/2022\/10\/WhatsApp-Image-2022-10-25-at-19.33.39-3-768x1166.jpeg 768w, https:\/\/escuelasantalucia.edu.ar\/wp-content\/uploads\/2022\/10\/WhatsApp-Image-2022-10-25-at-19.33.39-3.jpeg 960w\" sizes=\"(max-width: 675px) 100vw, 675px\" \/><\/figure>\n\n\n\n<figure class=\"wp-block-image size-large\"><img loading=\"lazy\" decoding=\"async\" width=\"794\" height=\"1024\" data-id=\"586\" src=\"https:\/\/escuelasantalucia.edu.ar\/wp-content\/uploads\/2022\/10\/WhatsApp-Image-2022-10-25-at-19.33.39-4-794x1024.jpeg\" alt=\"\" class=\"wp-image-586\" srcset=\"https:\/\/escuelasantalucia.edu.ar\/wp-content\/uploads\/2022\/10\/WhatsApp-Image-2022-10-25-at-19.33.39-4-794x1024.jpeg 794w, https:\/\/escuelasantalucia.edu.ar\/wp-content\/uploads\/2022\/10\/WhatsApp-Image-2022-10-25-at-19.33.39-4-233x300.jpeg 233w, https:\/\/escuelasantalucia.edu.ar\/wp-content\/uploads\/2022\/10\/WhatsApp-Image-2022-10-25-at-19.33.39-4-768x990.jpeg 768w, https:\/\/escuelasantalucia.edu.ar\/wp-content\/uploads\/2022\/10\/WhatsApp-Image-2022-10-25-at-19.33.39-4.jpeg 989w\" sizes=\"(max-width: 794px) 100vw, 794px\" \/><\/figure>\n\n\n\n<figure class=\"wp-block-image size-large\"><img loading=\"lazy\" decoding=\"async\" width=\"838\" height=\"1024\" data-id=\"587\" src=\"https:\/\/escuelasantalucia.edu.ar\/wp-content\/uploads\/2022\/10\/WhatsApp-Image-2022-10-25-at-19.33.39-5-838x1024.jpeg\" alt=\"\" class=\"wp-image-587\" srcset=\"https:\/\/escuelasantalucia.edu.ar\/wp-content\/uploads\/2022\/10\/WhatsApp-Image-2022-10-25-at-19.33.39-5-838x1024.jpeg 838w, https:\/\/escuelasantalucia.edu.ar\/wp-content\/uploads\/2022\/10\/WhatsApp-Image-2022-10-25-at-19.33.39-5-246x300.jpeg 246w, https:\/\/escuelasantalucia.edu.ar\/wp-content\/uploads\/2022\/10\/WhatsApp-Image-2022-10-25-at-19.33.39-5-768x938.jpeg 768w, https:\/\/escuelasantalucia.edu.ar\/wp-content\/uploads\/2022\/10\/WhatsApp-Image-2022-10-25-at-19.33.39-5.jpeg 980w\" sizes=\"(max-width: 838px) 100vw, 838px\" \/><\/figure>\n\n\n\n<figure class=\"wp-block-image size-large\"><img loading=\"lazy\" decoding=\"async\" width=\"809\" height=\"1024\" data-id=\"591\" src=\"https:\/\/escuelasantalucia.edu.ar\/wp-content\/uploads\/2022\/10\/WhatsApp-Image-2022-10-25-at-19.33.39-809x1024.jpeg\" alt=\"\" class=\"wp-image-591\" srcset=\"https:\/\/escuelasantalucia.edu.ar\/wp-content\/uploads\/2022\/10\/WhatsApp-Image-2022-10-25-at-19.33.39-809x1024.jpeg 809w, https:\/\/escuelasantalucia.edu.ar\/wp-content\/uploads\/2022\/10\/WhatsApp-Image-2022-10-25-at-19.33.39-237x300.jpeg 237w, https:\/\/escuelasantalucia.edu.ar\/wp-content\/uploads\/2022\/10\/WhatsApp-Image-2022-10-25-at-19.33.39-768x972.jpeg 768w, https:\/\/escuelasantalucia.edu.ar\/wp-content\/uploads\/2022\/10\/WhatsApp-Image-2022-10-25-at-19.33.39.jpeg 864w\" sizes=\"(max-width: 809px) 100vw, 809px\" \/><\/figure>\n<\/figure>\n\n\n\n<p><\/p>\n\n\n\n<hr class=\"wp-block-separator has-alpha-channel-opacity\"\/>\n\n\n\n<h2 class=\"wp-block-heading has-vivid-cyan-blue-color has-text-color\">Entradas<\/h2>\n\n\n\n<div style=\"height:26px\" aria-hidden=\"true\" class=\"wp-block-spacer\"><\/div>\n\n\n<ul class=\"wp-block-latest-posts__list has-dates li wp-block-latest-posts\"><li><a class=\"wp-block-latest-posts__post-title\" href=\"https:\/\/escuelasantalucia.edu.ar\/index.php\/2023\/04\/07\/viernes-santo\/\">Viernes Santo.<\/a><time datetime=\"2023-04-07T01:15:53+00:00\" class=\"wp-block-latest-posts__post-date\">07\/04\/2023<\/time><div class=\"wp-block-latest-posts__post-excerpt\">&#8220;En la pasi\u00f3n y muerte de Jes\u00fas se muestra el amor infinito de Dios a las personas. En su entrega en la cruz, venci\u00f3 a la muerte y al pecado&#8221;. &#8211; Peregrinos 6.<\/div><\/li>\n<li><a class=\"wp-block-latest-posts__post-title\" href=\"https:\/\/escuelasantalucia.edu.ar\/index.php\/2023\/04\/06\/jueves-santo\/\">Jueves Santo.<\/a><time datetime=\"2023-04-06T01:12:50+00:00\" class=\"wp-block-latest-posts__post-date\">06\/04\/2023<\/time><div class=\"wp-block-latest-posts__post-excerpt\">Celebramos la Eucarist\u00eda, que nos asegura la presencia eterna de Jes\u00fas en el pan y en el vino consagrados, y nos invita a servir y amar como \u00e9l.<\/div><\/li>\n<li><a class=\"wp-block-latest-posts__post-title\" href=\"https:\/\/escuelasantalucia.edu.ar\/index.php\/2023\/04\/02\/domingo-de-ramos\/\">Domingo de Ramos.<\/a><time datetime=\"2023-04-02T01:03:03+00:00\" class=\"wp-block-latest-posts__post-date\">02\/04\/2023<\/time><div class=\"wp-block-latest-posts__post-excerpt\">Hoy celebramos la entrada de Jes\u00fas en Jerusal\u00e9n. Durante la Semana Santa, preparamos nuestro coraz\u00f3n y esperamos la Pascua<\/div><\/li>\n<li><a class=\"wp-block-latest-posts__post-title\" href=\"https:\/\/escuelasantalucia.edu.ar\/index.php\/2023\/03\/24\/dia-nacional-de-la-memoria-por-la-verdad-y-la-justicia\/\">D\u00eda Nacional de la Memoria por la Verdad y la Justicia.<\/a><time datetime=\"2023-03-24T00:48:29+00:00\" class=\"wp-block-latest-posts__post-date\">24\/03\/2023<\/time><div class=\"wp-block-latest-posts__post-excerpt\"><\/div><\/li>\n<li><a class=\"wp-block-latest-posts__post-title\" href=\"https:\/\/escuelasantalucia.edu.ar\/index.php\/2023\/03\/08\/dia-internacional-de-la-mujer\/\">D\u00eda internacional de la mujer.<\/a><time datetime=\"2023-03-08T00:45:33+00:00\" class=\"wp-block-latest-posts__post-date\">08\/03\/2023<\/time><div class=\"wp-block-latest-posts__post-excerpt\"><\/div><\/li>\n<li><a class=\"wp-block-latest-posts__post-title\" href=\"https:\/\/escuelasantalucia.edu.ar\/index.php\/2023\/03\/01\/ciclo-lectivo-2023\/\">Ciclo lectivo 2023.<\/a><time datetime=\"2023-03-01T00:35:00+00:00\" class=\"wp-block-latest-posts__post-date\">01\/03\/2023<\/time><div class=\"wp-block-latest-posts__post-excerpt\"><\/div><\/li>\n<li><a class=\"wp-block-latest-posts__post-title\" href=\"https:\/\/escuelasantalucia.edu.ar\/index.php\/2023\/02\/22\/cuaresma-2023\/\">Cuaresma 2023<\/a><time datetime=\"2023-02-22T00:54:00+00:00\" class=\"wp-block-latest-posts__post-date\">22\/02\/2023<\/time><div class=\"wp-block-latest-posts__post-excerpt\"><\/div><\/li>\n<\/ul>","protected":false},"excerpt":{"rendered":"<p>EQUIPO DIRECTIVO Horarios de atenci\u00f3n: Infraestructura PROPUESTA PEDAGOGICA Al mantener el car\u00e1cter activo del aprendizaje dentro de un contexto significativo para el estudiante, prevalece el car\u00e1cter l\u00fadico, que estimula la curiosidad y los descubrimientos, expande, la construcci\u00f3n del conocimiento a trav\u00e9s de juegos, actividades integradas, investigaci\u00f3n, proyectos, uso de la tecnolog\u00eda, estudios del medio ambiente.&hellip;<\/p>\n","protected":false},"author":1,"featured_media":0,"parent":0,"menu_order":0,"comment_status":"closed","ping_status":"closed","template":"","meta":{"footnotes":""},"class_list":["post-11","page","type-page","status-publish","hentry"],"_links":{"self":[{"href":"https:\/\/escuelasantalucia.edu.ar\/index.php\/wp-json\/wp\/v2\/pages\/11"}],"collection":[{"href":"https:\/\/escuelasantalucia.edu.ar\/index.php\/wp-json\/wp\/v2\/pages"}],"about":[{"href":"https:\/\/escuelasantalucia.edu.ar\/index.php\/wp-json\/wp\/v2\/types\/page"}],"author":[{"embeddable":true,"href":"https:\/\/escuelasantalucia.edu.ar\/index.php\/wp-json\/wp\/v2\/users\/1"}],"replies":[{"embeddable":true,"href":"https:\/\/escuelasantalucia.edu.ar\/index.php\/wp-json\/wp\/v2\/comments?post=11"}],"version-history":[{"count":53,"href":"https:\/\/escuelasantalucia.edu.ar\/index.php\/wp-json\/wp\/v2\/pages\/11\/revisions"}],"predecessor-version":[{"id":677,"href":"https:\/\/escuelasantalucia.edu.ar\/index.php\/wp-json\/wp\/v2\/pages\/11\/revisions\/677"}],"wp:attachment":[{"href":"https:\/\/escuelasantalucia.edu.ar\/index.php\/wp-json\/wp\/v2\/media?parent=11"}],"curies":[{"name":"wp","href":"https:\/\/api.w.org\/{rel}","templated":true}]}}